{"id":2323,"date":"2017-03-09T21:10:03","date_gmt":"2017-03-09T21:10:03","guid":{"rendered":"http:\/\/www.asissportspain.com\/?page_id=2323"},"modified":"2017-04-12T13:26:45","modified_gmt":"2017-04-12T13:26:45","slug":"semana-santa-2017","status":"publish","type":"page","link":"https:\/\/www.asissportspain.com\/en\/semana-santa-2017\/","title":{"rendered":"Easter Week 2017"},"content":{"rendered":"<p><\/p>\n<h3>THE CLUB BALONCESTO GRAN CANARIA, together with ASIS SPORT, organizes a week of fundamentals and shooting skills clinic for boys and girls with an expert in skills training and one of the best shooters ever in the history of Spanish basketball.<\/h3>\n<p>Since 1993 Josep Mar\u00eda Margall has organized specific shooting skills camps with participants who later became elite players in the \u201cla liga ACB\u201d and the NBA.<u><\/u><u><\/u><\/p>\n<p>Josep M\u00aa Margall brings extensive experience in personalized skils training for players of elite level as well as youth categories prospects. Among those who have benefitted from his teachings are: Pau Gasol, Rodrigo de la Fuente, Albert Oliver, Roberto Due\u00f1as, Alfons Alzamora, Henk Norel, Christian Eyenga, Nacho Mart\u00edn, Marc Fern\u00e1ndez, Pere Tom\u00e0s, David Jelinek, Marko Todorovic, Tiago Splitter, etc\u2026.<u><\/u><u><\/u><\/p>\n<h3>EVENT<\/h3>\n<p>Shooting Skills Cl\u00ednic with JM Margall<\/p>\n<p>Coach\u00a0ASIS Sport: Mr. Jos\u00e9 Mar\u00eda MARGALL<\/p>\n<p>&nbsp;<\/p>\n<h3>SITE<\/h3>\n<p>Pabell\u00f3n Insular de La Vega de San Jos\u00e9<\/p>\n<p>Calle C\u00f3rdoba, 31A<br \/>\nLas Palmas de Gran Canaria<\/p>\n<h3><\/h3>\n<h3>DATES<u><\/u><u><\/u><\/h3>\n<p>10th to 15th of APRIL<u><\/u><u><\/u><\/p>\n<p>&nbsp;<\/p>\n<h3>SCHEDULE<u><\/u><u><\/u><\/h3>\n<p>Monday to Friday \u00a0from 10:00AM to 12:00AM and from 4:30PM to 6:30PM<\/p>\n<p>Saturday only in the morning from 10:00AM to 12:00PM<\/p>\n<p>&nbsp;<\/p>\n<h3><b>PRICES<\/b><u><\/u><u><\/u><\/h3>\n<p>Players: \u2013 290 EUR<u><\/u><u><\/u><\/p>\n<p>Coaches: \u2013 75 EUR<\/p>\n<p>&nbsp;<\/p>\n<h3>CONTENT<\/h3>\n<p>Our philosophy consists of developing a specfic shooting fundamentals skills program tailored made to the participants.<u><\/u><u><\/u><\/p>\n<p>Succsess in th learning process of sports skills fundamentals, and especially for shooting, rests in rectification and the repetition of the mechanics. We implement a cosntant supervisi\u00f3n of each and everyone of thoe in attendance.<u><\/u><u><\/u><\/p>\n<p>Each sessionn will have a multimedia support with the on court work and video analysisi. The participants will receive a detailed analytical report which we hope will serve to improve and reach a higher level.<\/p>\n<p>&nbsp;<\/p>\n<h3>PAYMENT<u><\/u><u><\/u><\/h3>\n<p><u><\/u>\u00a0To \u00a0ASIS GLOBAL SPAIN S.L.<u><\/u><u><\/u><\/p>\n<p>ES02-0081-7440-11-0001747985<u><\/u><u><\/u><\/p>\n<p>Concept: Full Name\/Tecnificaci\u00f3n Tiro<\/p>\n<p>&nbsp;<\/p>\n<p>&nbsp;<\/p>\n<p>&nbsp;<\/p>\n<p><a href=\"http:\/\/www.asissportspain.com\/wp-content\/uploads\/2017\/03\/WEBRRSS_800X450-CLINIC-TIRO.jpg\"><img loading=\"lazy\" decoding=\"async\" class=\"aligncenter size-full wp-image-2343\" src=\"http:\/\/www.asissportspain.com\/wp-content\/uploads\/2017\/03\/WEBRRSS_800X450-CLINIC-TIRO.jpg\" alt=\"WEBRRSS_800X450-CLINIC-TIRO\" width=\"800\" height=\"450\" srcset=\"https:\/\/www.asissportspain.com\/wp-content\/uploads\/2017\/03\/WEBRRSS_800X450-CLINIC-TIRO.jpg 800w, https:\/\/www.asissportspain.com\/wp-content\/uploads\/2017\/03\/WEBRRSS_800X450-CLINIC-TIRO-300x169.jpg 300w, https:\/\/www.asissportspain.com\/wp-content\/uploads\/2017\/03\/WEBRRSS_800X450-CLINIC-TIRO-768x432.jpg 768w\" sizes=\"auto, (max-width: 800px) 100vw, 800px\" \/><\/a><\/p>","protected":false},"excerpt":{"rendered":"<p>THE CLUB BALONCESTO GRAN CANARIA, together with ASIS SPORT, organizes a week of fundamentals and shooting skills clinic for boys and girls with an expert in skills training and one of the best shooters ever in the history of Spanish<\/p>\n","protected":false},"author":1,"featured_media":0,"parent":0,"menu_order":0,"comment_status":"closed","ping_status":"closed","template":"","meta":{"_monsterinsights_skip_tracking":false,"_monsterinsights_sitenote_active":false,"_monsterinsights_sitenote_note":"","_monsterinsights_sitenote_category":0,"ngg_post_thumbnail":0,"footnotes":"","_links_to":"","_links_to_target":""},"class_list":["post-2323","page","type-page","status-publish","hentry"],"_links":{"self":[{"href":"https:\/\/www.asissportspain.com\/en\/wp-json\/wp\/v2\/pages\/2323","targetHints":{"allow":["GET"]}}],"collection":[{"href":"https:\/\/www.asissportspain.com\/en\/wp-json\/wp\/v2\/pages"}],"about":[{"href":"https:\/\/www.asissportspain.com\/en\/wp-json\/wp\/v2\/types\/page"}],"author":[{"embeddable":true,"href":"https:\/\/www.asissportspain.com\/en\/wp-json\/wp\/v2\/users\/1"}],"replies":[{"embeddable":true,"href":"https:\/\/www.asissportspain.com\/en\/wp-json\/wp\/v2\/comments?post=2323"}],"version-history":[{"count":13,"href":"https:\/\/www.asissportspain.com\/en\/wp-json\/wp\/v2\/pages\/2323\/revisions"}],"predecessor-version":[{"id":2592,"href":"https:\/\/www.asissportspain.com\/en\/wp-json\/wp\/v2\/pages\/2323\/revisions\/2592"}],"wp:attachment":[{"href":"https:\/\/www.asissportspain.com\/en\/wp-json\/wp\/v2\/media?parent=2323"}],"curies":[{"name":"wp","href":"https:\/\/api.w.org\/{rel}","templated":true}]}}